{"id":1017,"date":"2017-08-10T11:53:14","date_gmt":"2017-08-10T11:53:14","guid":{"rendered":"http:\/\/alohacomunicacion.es\/?page_id=1017"},"modified":"2024-07-23T14:10:30","modified_gmt":"2024-07-23T12:10:30","slug":"home","status":"publish","type":"page","link":"https:\/\/alohacomunicacion.es\/en\/","title":{"rendered":"Home"},"content":{"rendered":"<div data-elementor-type=\"wp-page\" data-elementor-id=\"1017\" class=\"elementor elementor-1017\">\n\t\t\t\t\t\t\t\t\t<section class=\"elementor-section elementor-top-section elementor-element elementor-element-054fe4d elementor-section-full_width elementor-section-height-min-height elementor-reverse-mobile elementor-section-height-default elementor-section-items-middle\" data-id=\"054fe4d\" data-element_type=\"section\" data-settings=\"{&quot;background_motion_fx_mouseTrack_effect&quot;:&quot;yes&quot;,&quot;background_motion_fx_mouseTrack_direction&quot;:&quot;negative&quot;,&quot;background_motion_fx_mouseTrack_speed&quot;:{&quot;unit&quot;:&quot;px&quot;,&quot;size&quot;:10,&quot;sizes&quot;:[]}}\">\n\t\t\t\t\t\t<div class=\"elementor-container elementor-column-gap-no\">\n\t\t\t\t\t<div class=\"elementor-column elementor-col-50 elementor-top-column elementor-element elementor-element-27afd32\" data-id=\"27afd32\" data-element_type=\"column\">\n\t\t\t<div class=\"elementor-widget-wrap elementor-element-populated\">\n\t\t\t\t\t\t\t\t<div class=\"elementor-element elementor-element-73c92e6 elementor-hidden-desktop elementor-hidden-tablet elementor-widget elementor-widget-image\" data-id=\"73c92e6\" data-element_type=\"widget\" data-settings=\"{&quot;_animation_mobile&quot;:&quot;fadeInUp&quot;}\" data-widget_type=\"image.default\">\n\t\t\t\t<div class=\"elementor-widget-container\">\n\t\t\t<style>\/*! elementor - v3.13.3 - 28-05-2023 *\/\n.elementor-widget-image{text-align:center}.elementor-widget-image a{display:inline-block}.elementor-widget-image a img[src$=\".svg\"]{width:48px}.elementor-widget-image img{vertical-align:middle;display:inline-block}<\/style>\t\t\t\t\t\t\t\t\t\t\t\t<img decoding=\"async\" width=\"600\" height=\"900\" src=\"https:\/\/alohacomunicacion.es\/wp-content\/uploads\/2024\/07\/Petroni-Dia-de-la-Madre_1-scaled-e1721638516747.jpg\" class=\"attachment-full size-full wp-image-2708\" alt=\"\" loading=\"lazy\" srcset=\"https:\/\/alohacomunicacion.es\/wp-content\/uploads\/2024\/07\/Petroni-Dia-de-la-Madre_1-scaled-e1721638516747.jpg 600w, https:\/\/alohacomunicacion.es\/wp-content\/uploads\/2024\/07\/Petroni-Dia-de-la-Madre_1-scaled-e1721638516747-200x300.jpg 200w, https:\/\/alohacomunicacion.es\/wp-content\/uploads\/2024\/07\/Petroni-Dia-de-la-Madre_1-scaled-e1721638516747-8x12.jpg 8w\" sizes=\"(max-width: 600px) 100vw, 600px\" \/>\t\t\t\t\t\t\t\t\t\t\t\t\t\t\t<\/div>\n\t\t\t\t<\/div>\n\t\t\t\t<div class=\"elementor-element elementor-element-f13dbd1 elementor-invisible elementor-widget elementor-widget-heading\" data-id=\"f13dbd1\" data-element_type=\"widget\" data-settings=\"{&quot;_animation&quot;:&quot;fadeInUp&quot;}\" data-no-translation=\"\" data-widget_type=\"heading.default\">\n\t\t\t\t<div class=\"elementor-widget-container\">\n\t\t\t<style>\/*! elementor - v3.13.3 - 28-05-2023 *\/\n.elementor-heading-title{padding:0;margin:0;line-height:1}.elementor-widget-heading .elementor-heading-title[class*=elementor-size-]>a{color:inherit;font-size:inherit;line-height:inherit}.elementor-widget-heading .elementor-heading-title.elementor-size-small{font-size:15px}.elementor-widget-heading .elementor-heading-title.elementor-size-medium{font-size:19px}.elementor-widget-heading .elementor-heading-title.elementor-size-large{font-size:29px}.elementor-widget-heading .elementor-heading-title.elementor-size-xl{font-size:39px}.elementor-widget-heading .elementor-heading-title.elementor-size-xxl{font-size:59px}<\/style><style>.elementor-element-f13dbd1{display:none !important}<\/style>\t\t<\/div>\n\t\t\t\t<\/div>\n\t\t\t\t<div class=\"elementor-element elementor-element-a7c2af1 elementor-invisible elementor-widget elementor-widget-heading\" data-id=\"a7c2af1\" data-element_type=\"widget\" data-settings=\"{&quot;_animation&quot;:&quot;fadeInUp&quot;}\" data-no-translation=\"\" data-widget_type=\"heading.default\">\n\t\t\t\t<div class=\"elementor-widget-container\">\n\t\t\t<h1 class=\"elementor-heading-title elementor-size-default\">Gastronomic<br>\ncomunication<br>\nagency<\/h1>\t\t<\/div>\n\t\t\t\t<\/div>\n\t\t\t\t\t<\/div>\n\t\t<\/div>\n\t\t\t\t<div class=\"elementor-column elementor-col-50 elementor-top-column elementor-element elementor-element-f71bfa2 elementor-hidden-mobile\" data-id=\"f71bfa2\" data-element_type=\"column\">\n\t\t\t<div class=\"elementor-widget-wrap elementor-element-populated\">\n\t\t\t\t\t\t\t\t<div class=\"elementor-element elementor-element-c42d3b1 elementor-widget__width-auto elementor-absolute animated-fast elementor-invisible elementor-widget elementor-widget-image\" data-id=\"c42d3b1\" data-element_type=\"widget\" data-settings=\"{&quot;_position&quot;:&quot;absolute&quot;,&quot;_animation&quot;:&quot;fadeInUp&quot;}\" data-widget_type=\"image.default\">\n\t\t\t\t<div class=\"elementor-widget-container\">\n\t\t\t\t\t\t\t\t\t\t\t\t\t\t\t<img decoding=\"async\" src=\"https:\/\/alohacomunicacion.es\/wp-content\/uploads\/elementor\/thumbs\/Petroni-Dia-de-la-Madre_1-scaled-e1721638516747-qrh7vqfsunt2smkqkx0aexm6b6355z90kqaxvul7wg.jpg\" title=\"Petroni Dia de la Madre_1\" alt=\"Petroni Dia de la Madre_1\" loading=\"lazy\" \/>\t\t\t\t\t\t\t\t\t\t\t\t\t\t\t<\/div>\n\t\t\t\t<\/div>\n\t\t\t\t<div class=\"elementor-element elementor-element-3e3cfc5 elementor-widget__width-auto elementor-absolute animated-fast elementor-invisible elementor-widget elementor-widget-image\" data-id=\"3e3cfc5\" data-element_type=\"widget\" data-settings=\"{&quot;_position&quot;:&quot;absolute&quot;,&quot;motion_fx_motion_fx_scrolling&quot;:&quot;yes&quot;,&quot;motion_fx_translateY_effect&quot;:&quot;yes&quot;,&quot;motion_fx_translateY_speed&quot;:{&quot;unit&quot;:&quot;px&quot;,&quot;size&quot;:1,&quot;sizes&quot;:[]},&quot;_animation&quot;:&quot;fadeInUp&quot;,&quot;motion_fx_translateY_affectedRange&quot;:{&quot;unit&quot;:&quot;%&quot;,&quot;size&quot;:&quot;&quot;,&quot;sizes&quot;:{&quot;start&quot;:0,&quot;end&quot;:100}},&quot;motion_fx_devices&quot;:[&quot;desktop&quot;,&quot;tablet&quot;,&quot;mobile&quot;]}\" data-widget_type=\"image.default\">\n\t\t\t\t<div class=\"elementor-widget-container\">\n\t\t\t\t\t\t\t\t\t\t\t\t\t\t\t<img decoding=\"async\" width=\"2560\" height=\"1707\" src=\"https:\/\/alohacomunicacion.es\/wp-content\/uploads\/2024\/07\/4-formaggi-con-arancia-twist2-scaled.jpg\" class=\"attachment-full size-full wp-image-2716\" alt=\"\" loading=\"lazy\" srcset=\"https:\/\/alohacomunicacion.es\/wp-content\/uploads\/2024\/07\/4-formaggi-con-arancia-twist2-scaled.jpg 2560w, https:\/\/alohacomunicacion.es\/wp-content\/uploads\/2024\/07\/4-formaggi-con-arancia-twist2-300x200.jpg 300w, https:\/\/alohacomunicacion.es\/wp-content\/uploads\/2024\/07\/4-formaggi-con-arancia-twist2-1024x683.jpg 1024w, https:\/\/alohacomunicacion.es\/wp-content\/uploads\/2024\/07\/4-formaggi-con-arancia-twist2-768x512.jpg 768w, https:\/\/alohacomunicacion.es\/wp-content\/uploads\/2024\/07\/4-formaggi-con-arancia-twist2-1536x1024.jpg 1536w, https:\/\/alohacomunicacion.es\/wp-content\/uploads\/2024\/07\/4-formaggi-con-arancia-twist2-2048x1365.jpg 2048w, https:\/\/alohacomunicacion.es\/wp-content\/uploads\/2024\/07\/4-formaggi-con-arancia-twist2-18x12.jpg 18w\" sizes=\"(max-width: 2560px) 100vw, 2560px\" \/>\t\t\t\t\t\t\t\t\t\t\t\t\t\t\t<\/div>\n\t\t\t\t<\/div>\n\t\t\t\t<div class=\"elementor-element elementor-element-9c3a478 elementor-widget__width-auto elementor-absolute animated-fast elementor-invisible elementor-widget elementor-widget-image\" data-id=\"9c3a478\" data-element_type=\"widget\" data-settings=\"{&quot;_position&quot;:&quot;absolute&quot;,&quot;_animation&quot;:&quot;fadeInUp&quot;}\" data-widget_type=\"image.default\">\n\t\t\t\t<div class=\"elementor-widget-container\">\n\t\t\t\t\t\t\t\t\t\t\t\t\t\t\t<img decoding=\"async\" src=\"https:\/\/alohacomunicacion.es\/wp-content\/uploads\/elementor\/thumbs\/SrMendrugo_AlohaComunicacion_0834-scaled-qrh73l5tf3xalnjqbzri35njiiz9v0xfvu66gc29lw.jpg\" title=\"SrMendrugo_AlohaComunicacion_0834\" alt=\"SrMendrugo_AlohaComunicacion_0834\" loading=\"lazy\" \/>\t\t\t\t\t\t\t\t\t\t\t\t\t\t\t<\/div>\n\t\t\t\t<\/div>\n\t\t\t\t\t<\/div>\n\t\t<\/div>\n\t\t\t\t\t\t\t<\/div>\n\t\t<\/section>\n\t\t\t\t<section class=\"elementor-section elementor-top-section elementor-element elementor-element-7968a69 elementor-section-content-middle elementor-reverse-mobile elementor-section-boxed elementor-section-height-default elementor-section-height-default\" data-id=\"7968a69\" data-element_type=\"section\">\n\t\t\t\t\t\t<div class=\"elementor-container elementor-column-gap-default\">\n\t\t\t\t\t<div class=\"elementor-column elementor-col-50 elementor-top-column elementor-element elementor-element-f6bcb9a\" data-id=\"f6bcb9a\" data-element_type=\"column\">\n\t\t\t<div class=\"elementor-widget-wrap elementor-element-populated\">\n\t\t\t\t\t\t\t\t<div class=\"elementor-element elementor-element-488e697 elementor-invisible elementor-widget elementor-widget-heading\" data-id=\"488e697\" data-element_type=\"widget\" data-settings=\"{&quot;_animation&quot;:&quot;fadeInUp&quot;}\" data-no-translation=\"\" data-widget_type=\"heading.default\">\n\t\t\t\t<div class=\"elementor-widget-container\">\n\t\t\t<style>.elementor-element-488e697{display:none !important}<\/style>\t\t<\/div>\n\t\t\t\t<\/div>\n\t\t\t\t<div class=\"elementor-element elementor-element-a140b52 elementor-invisible elementor-widget elementor-widget-heading\" data-id=\"a140b52\" data-element_type=\"widget\" data-settings=\"{&quot;_animation&quot;:&quot;fadeInUp&quot;}\" data-no-translation=\"\" data-widget_type=\"heading.default\">\n\t\t\t\t<div class=\"elementor-widget-container\">\n\t\t\t<style>.elementor-element-a140b52{display:none !important}<\/style>\t\t<\/div>\n\t\t\t\t<\/div>\n\t\t\t\t<div class=\"elementor-element elementor-element-3bc6543 elementor-invisible elementor-widget elementor-widget-heading\" data-id=\"3bc6543\" data-element_type=\"widget\" data-settings=\"{&quot;_animation&quot;:&quot;fadeInUp&quot;}\" data-no-translation=\"\" data-widget_type=\"heading.default\">\n\t\t\t\t<div class=\"elementor-widget-container\">\n\t\t\t<h1 class=\"elementor-heading-title elementor-size-default\">Aloha Comunicaci\u00f3n: Your Specialized Agency in Gastronomic &amp; Lifestyle Communication.<\/h1>\t\t<\/div>\n\t\t\t\t<\/div>\n\t\t\t\t<div class=\"elementor-element elementor-element-9e12918 elementor-invisible elementor-widget elementor-widget-heading\" data-id=\"9e12918\" data-element_type=\"widget\" data-settings=\"{&quot;_animation&quot;:&quot;fadeInUp&quot;}\" data-no-translation=\"\" data-widget_type=\"heading.default\">\n\t\t\t\t<div class=\"elementor-widget-container\">\n\t\t\t<h2 class=\"elementor-heading-title elementor-size-default\"><p>At Aloha Comunicaci\u00f3n, we are experts in gastronomic communication. Our team specializes in creating marketing and communication strategies for restaurants, chefs, and companies in the food industry. We help restaurants and gastronomic brands improve their online presence with effective marketing strategies.<\/p><p>We accompany you in the launch, positioning, and maintenance of your brand image by creating a lifestyle around it.<\/p><\/h2>\t\t<\/div>\n\t\t\t\t<\/div>\n\t\t\t\t\t<\/div>\n\t\t<\/div>\n\t\t\t\t<div class=\"elementor-column elementor-col-50 elementor-top-column elementor-element elementor-element-cea9d3e\" data-id=\"cea9d3e\" data-element_type=\"column\">\n\t\t\t<div class=\"elementor-widget-wrap elementor-element-populated\">\n\t\t\t\t\t\t\t\t<div class=\"elementor-element elementor-element-66fb1d8 animated-slow elementor-skin-carousel elementor-invisible elementor-widget elementor-widget-media-carousel\" data-id=\"66fb1d8\" data-element_type=\"widget\" data-settings=\"{&quot;effect&quot;:&quot;fade&quot;,&quot;motion_fx_motion_fx_scrolling&quot;:&quot;yes&quot;,&quot;motion_fx_translateY_effect&quot;:&quot;yes&quot;,&quot;_animation&quot;:&quot;fadeInUp&quot;,&quot;motion_fx_range&quot;:&quot;viewport&quot;,&quot;autoplay_speed&quot;:2000,&quot;skin&quot;:&quot;carousel&quot;,&quot;speed&quot;:500,&quot;autoplay&quot;:&quot;yes&quot;,&quot;loop&quot;:&quot;yes&quot;,&quot;space_between&quot;:{&quot;unit&quot;:&quot;px&quot;,&quot;size&quot;:10,&quot;sizes&quot;:[]},&quot;space_between_tablet&quot;:{&quot;unit&quot;:&quot;px&quot;,&quot;size&quot;:10,&quot;sizes&quot;:[]},&quot;space_between_mobile&quot;:{&quot;unit&quot;:&quot;px&quot;,&quot;size&quot;:10,&quot;sizes&quot;:[]},&quot;motion_fx_translateY_speed&quot;:{&quot;unit&quot;:&quot;px&quot;,&quot;size&quot;:4,&quot;sizes&quot;:[]},&quot;motion_fx_translateY_affectedRange&quot;:{&quot;unit&quot;:&quot;%&quot;,&quot;size&quot;:&quot;&quot;,&quot;sizes&quot;:{&quot;start&quot;:0,&quot;end&quot;:100}},&quot;motion_fx_devices&quot;:[&quot;desktop&quot;,&quot;tablet&quot;,&quot;mobile&quot;]}\" data-widget_type=\"media-carousel.default\">\n\t\t\t\t<div class=\"elementor-widget-container\">\n\t\t\t<link rel=\"stylesheet\" href=\"https:\/\/alohacomunicacion.es\/wp-content\/plugins\/elementor-pro\/assets\/css\/widget-carousel.min.css\">\t\t<div class=\"elementor-swiper\">\n\t\t\t<div class=\"elementor-main-swiper swiper-container\">\n\t\t\t\t<div class=\"swiper-wrapper\">\n\t\t\t\t\t\t\t\t\t\t\t<div class=\"swiper-slide\">\n\t\t\t\t\t\t\t\t\t<div class=\"elementor-carousel-image\" role=\"img\" aria-label=\"7V6B3684\" style=\"background-image: url(&#039;https:\/\/alohacomunicacion.es\/wp-content\/uploads\/2024\/07\/7V6B3684-scaled-e1721639293735.jpg&#039;)\">\n\n\t\t\t\n\t\t\t\t\t<\/div>\n\t\t\t\t\t\t\t\t<\/div>\n\t\t\t\t\t\t\t\t\t\t\t<div class=\"swiper-slide\">\n\t\t\t\t\t\t\t\t\t<div class=\"elementor-carousel-image\" role=\"img\" aria-label=\"aloha_home_galeria_02\" style=\"background-image: url(&#039;https:\/\/alohacomunicacion.es\/wp-content\/uploads\/2022\/12\/aloha_home_galeria_02.jpg&#039;)\">\n\n\t\t\t\n\t\t\t\t\t<\/div>\n\t\t\t\t\t\t\t\t<\/div>\n\t\t\t\t\t\t\t\t\t\t\t<div class=\"swiper-slide\">\n\t\t\t\t\t\t\t\t\t<div class=\"elementor-carousel-image\" role=\"img\" aria-label=\"ElAlmendro_ShootingAlohaComunicacion7227\" style=\"background-image: url(&#039;https:\/\/alohacomunicacion.es\/wp-content\/uploads\/2024\/07\/ElAlmendro_ShootingAlohaComunicacion7227-scaled.jpg&#039;)\">\n\n\t\t\t\n\t\t\t\t\t<\/div>\n\t\t\t\t\t\t\t\t<\/div>\n\t\t\t\t\t\t\t\t\t\t\t<div class=\"swiper-slide\">\n\t\t\t\t\t\t\t\t\t<div class=\"elementor-carousel-image\" role=\"img\" aria-label=\"aloha_home_galeria_04\" style=\"background-image: url(&#039;https:\/\/alohacomunicacion.es\/wp-content\/uploads\/2022\/12\/aloha_home_galeria_04.jpg&#039;)\">\n\n\t\t\t\n\t\t\t\t\t<\/div>\n\t\t\t\t\t\t\t\t<\/div>\n\t\t\t\t\t\t\t\t\t\t\t<div class=\"swiper-slide\">\n\t\t\t\t\t\t\t\t\t<div class=\"elementor-carousel-image\" role=\"img\" aria-label=\"aloha_home_galeria_05\" style=\"background-image: url(&#039;https:\/\/alohacomunicacion.es\/wp-content\/uploads\/2022\/12\/aloha_home_galeria_05.jpg&#039;)\">\n\n\t\t\t\n\t\t\t\t\t<\/div>\n\t\t\t\t\t\t\t\t<\/div>\n\t\t\t\t\t\t\t\t\t<\/div>\n\t\t\t\t\t\t\t\t\t\t\t\t\t\t\t\t\t\t\t\t\t<\/div>\n\t\t<\/div>\n\t\t\t\t<\/div>\n\t\t\t\t<\/div>\n\t\t\t\t<div class=\"elementor-element elementor-element-b7f7a01 elementor-absolute elementor-widget__width-auto elementor-widget elementor-widget-image\" data-id=\"b7f7a01\" data-element_type=\"widget\" data-settings=\"{&quot;_position&quot;:&quot;absolute&quot;,&quot;motion_fx_motion_fx_scrolling&quot;:&quot;yes&quot;,&quot;motion_fx_translateY_effect&quot;:&quot;yes&quot;,&quot;motion_fx_translateY_speed&quot;:{&quot;unit&quot;:&quot;px&quot;,&quot;size&quot;:10,&quot;sizes&quot;:[]},&quot;motion_fx_translateY_affectedRange&quot;:{&quot;unit&quot;:&quot;%&quot;,&quot;size&quot;:&quot;&quot;,&quot;sizes&quot;:{&quot;start&quot;:25,&quot;end&quot;:75}},&quot;motion_fx_devices&quot;:[&quot;desktop&quot;,&quot;tablet&quot;,&quot;mobile&quot;]}\" data-widget_type=\"image.default\">\n\t\t\t\t<div class=\"elementor-widget-container\">\n\t\t\t\t\t\t\t\t\t\t\t\t\t\t\t<img decoding=\"async\" width=\"364\" height=\"408\" src=\"https:\/\/alohacomunicacion.es\/wp-content\/uploads\/2022\/12\/aloha_doodle_mostrito.svg\" class=\"attachment-full size-full wp-image-2074\" alt=\"\" loading=\"lazy\" \/>\t\t\t\t\t\t\t\t\t\t\t\t\t\t\t<\/div>\n\t\t\t\t<\/div>\n\t\t\t\t\t<\/div>\n\t\t<\/div>\n\t\t\t\t\t\t\t<\/div>\n\t\t<\/section>\n\t\t\t\t<section class=\"elementor-section elementor-top-section elementor-element elementor-element-dceeb60 elementor-section-content-middle elementor-section-boxed elementor-section-height-default elementor-section-height-default\" data-id=\"dceeb60\" data-element_type=\"section\">\n\t\t\t\t\t\t<div class=\"elementor-container elementor-column-gap-default\">\n\t\t\t\t\t<div class=\"elementor-column elementor-col-33 elementor-top-column elementor-element elementor-element-f516d2a\" data-id=\"f516d2a\" data-element_type=\"column\">\n\t\t\t<div class=\"elementor-widget-wrap\">\n\t\t\t\t\t\t\t\t\t<\/div>\n\t\t<\/div>\n\t\t\t\t<div class=\"elementor-column elementor-col-33 elementor-top-column elementor-element elementor-element-aa2c58c\" data-id=\"aa2c58c\" data-element_type=\"column\">\n\t\t\t<div class=\"elementor-widget-wrap elementor-element-populated\">\n\t\t\t\t\t\t\t\t<div class=\"elementor-element elementor-element-f5fbc07 elementor-invisible elementor-widget elementor-widget-image\" data-id=\"f5fbc07\" data-element_type=\"widget\" data-settings=\"{&quot;_animation&quot;:&quot;fadeInUp&quot;,&quot;motion_fx_motion_fx_scrolling&quot;:&quot;yes&quot;,&quot;motion_fx_translateY_effect&quot;:&quot;yes&quot;,&quot;motion_fx_range&quot;:&quot;viewport&quot;,&quot;motion_fx_translateY_speed&quot;:{&quot;unit&quot;:&quot;px&quot;,&quot;size&quot;:4,&quot;sizes&quot;:[]},&quot;motion_fx_translateY_affectedRange&quot;:{&quot;unit&quot;:&quot;%&quot;,&quot;size&quot;:&quot;&quot;,&quot;sizes&quot;:{&quot;start&quot;:0,&quot;end&quot;:100}},&quot;motion_fx_devices&quot;:[&quot;desktop&quot;,&quot;tablet&quot;,&quot;mobile&quot;]}\" data-widget_type=\"image.default\">\n\t\t\t\t<div class=\"elementor-widget-container\">\n\t\t\t\t\t\t\t\t\t\t\t\t\t\t\t<img decoding=\"async\" width=\"800\" height=\"1200\" src=\"https:\/\/alohacomunicacion.es\/wp-content\/uploads\/2022\/12\/aloha_home_galeria_06.jpg\" class=\"attachment-full size-full wp-image-1971\" alt=\"\" loading=\"lazy\" srcset=\"https:\/\/alohacomunicacion.es\/wp-content\/uploads\/2022\/12\/aloha_home_galeria_06.jpg 800w, https:\/\/alohacomunicacion.es\/wp-content\/uploads\/2022\/12\/aloha_home_galeria_06-200x300.jpg 200w, https:\/\/alohacomunicacion.es\/wp-content\/uploads\/2022\/12\/aloha_home_galeria_06-683x1024.jpg 683w, https:\/\/alohacomunicacion.es\/wp-content\/uploads\/2022\/12\/aloha_home_galeria_06-768x1152.jpg 768w, https:\/\/alohacomunicacion.es\/wp-content\/uploads\/2022\/12\/aloha_home_galeria_06-8x12.jpg 8w\" sizes=\"(max-width: 800px) 100vw, 800px\" \/>\t\t\t\t\t\t\t\t\t\t\t\t\t\t\t<\/div>\n\t\t\t\t<\/div>\n\t\t\t\t\t<\/div>\n\t\t<\/div>\n\t\t\t\t<div class=\"elementor-column elementor-col-33 elementor-top-column elementor-element elementor-element-487e47d\" data-id=\"487e47d\" data-element_type=\"column\">\n\t\t\t<div class=\"elementor-widget-wrap elementor-element-populated\">\n\t\t\t\t\t\t\t\t<div class=\"elementor-element elementor-element-6b4821c elementor-absolute elementor-widget elementor-widget-image\" data-id=\"6b4821c\" data-element_type=\"widget\" data-settings=\"{&quot;_position&quot;:&quot;absolute&quot;,&quot;motion_fx_motion_fx_scrolling&quot;:&quot;yes&quot;,&quot;motion_fx_translateY_effect&quot;:&quot;yes&quot;,&quot;motion_fx_translateY_speed&quot;:{&quot;unit&quot;:&quot;px&quot;,&quot;size&quot;:10,&quot;sizes&quot;:[]},&quot;motion_fx_translateY_affectedRange&quot;:{&quot;unit&quot;:&quot;%&quot;,&quot;size&quot;:&quot;&quot;,&quot;sizes&quot;:{&quot;start&quot;:25,&quot;end&quot;:75}},&quot;motion_fx_devices&quot;:[&quot;desktop&quot;,&quot;tablet&quot;,&quot;mobile&quot;]}\" data-widget_type=\"image.default\">\n\t\t\t\t<div class=\"elementor-widget-container\">\n\t\t\t\t\t\t\t\t\t\t\t\t\t\t\t<img decoding=\"async\" width=\"2758\" height=\"380\" src=\"https:\/\/alohacomunicacion.es\/wp-content\/uploads\/2022\/12\/aloha_doodle_olitas.svg\" class=\"attachment-full size-full wp-image-1895\" alt=\"\" loading=\"lazy\" \/>\t\t\t\t\t\t\t\t\t\t\t\t\t\t\t<\/div>\n\t\t\t\t<\/div>\n\t\t\t\t\t<\/div>\n\t\t<\/div>\n\t\t\t\t\t\t\t<\/div>\n\t\t<\/section>\n\t\t\t\t<section class=\"elementor-section elementor-top-section elementor-element elementor-element-3b3bc24 elementor-section-content-middle elementor-reverse-mobile elementor-section-boxed elementor-section-height-default elementor-section-height-default\" data-id=\"3b3bc24\" data-element_type=\"section\">\n\t\t\t\t\t\t<div class=\"elementor-container elementor-column-gap-default\">\n\t\t\t\t\t<div class=\"elementor-column elementor-col-50 elementor-top-column elementor-element elementor-element-f05dd86\" data-id=\"f05dd86\" data-element_type=\"column\">\n\t\t\t<div class=\"elementor-widget-wrap elementor-element-populated\">\n\t\t\t\t\t\t\t\t<div class=\"elementor-element elementor-element-ce26a38 elementor-invisible elementor-widget elementor-widget-heading\" data-id=\"ce26a38\" data-element_type=\"widget\" data-settings=\"{&quot;_animation&quot;:&quot;fadeInUp&quot;}\" data-no-translation=\"\" data-widget_type=\"heading.default\">\n\t\t\t\t<div class=\"elementor-widget-container\">\n\t\t\t<style>.elementor-element-ce26a38{display:none !important}<\/style>\t\t<\/div>\n\t\t\t\t<\/div>\n\t\t\t\t<div class=\"elementor-element elementor-element-3da5c78 elementor-invisible elementor-widget elementor-widget-heading\" data-id=\"3da5c78\" data-element_type=\"widget\" data-settings=\"{&quot;_animation&quot;:&quot;fadeInUp&quot;}\" data-no-translation=\"\" data-widget_type=\"heading.default\">\n\t\t\t\t<div class=\"elementor-widget-container\">\n\t\t\t<h3 class=\"elementor-heading-title elementor-size-default\"><b>Aloha<\/b> is<br>your agency<\/h3>\t\t<\/div>\n\t\t\t\t<\/div>\n\t\t\t\t\t<\/div>\n\t\t<\/div>\n\t\t\t\t<div class=\"elementor-column elementor-col-50 elementor-top-column elementor-element elementor-element-63b2e62\" data-id=\"63b2e62\" data-element_type=\"column\">\n\t\t\t<div class=\"elementor-widget-wrap elementor-element-populated\">\n\t\t\t\t\t\t\t\t<div class=\"elementor-element elementor-element-22b3947 elementor-invisible elementor-widget elementor-widget-image\" data-id=\"22b3947\" data-element_type=\"widget\" data-settings=\"{&quot;_animation&quot;:&quot;fadeInUp&quot;,&quot;motion_fx_motion_fx_scrolling&quot;:&quot;yes&quot;,&quot;motion_fx_translateY_effect&quot;:&quot;yes&quot;,&quot;motion_fx_range&quot;:&quot;viewport&quot;,&quot;motion_fx_translateY_speed&quot;:{&quot;unit&quot;:&quot;px&quot;,&quot;size&quot;:4,&quot;sizes&quot;:[]},&quot;motion_fx_translateY_affectedRange&quot;:{&quot;unit&quot;:&quot;%&quot;,&quot;size&quot;:&quot;&quot;,&quot;sizes&quot;:{&quot;start&quot;:0,&quot;end&quot;:100}},&quot;motion_fx_devices&quot;:[&quot;desktop&quot;,&quot;tablet&quot;,&quot;mobile&quot;]}\" data-widget_type=\"image.default\">\n\t\t\t\t<div class=\"elementor-widget-container\">\n\t\t\t\t\t\t\t\t\t\t\t\t\t\t\t<img decoding=\"async\" width=\"1707\" height=\"2560\" src=\"https:\/\/alohacomunicacion.es\/wp-content\/uploads\/2024\/07\/Mesa-Friggitoria8-scaled.jpg\" class=\"attachment-full size-full wp-image-2692\" alt=\"\" loading=\"lazy\" srcset=\"https:\/\/alohacomunicacion.es\/wp-content\/uploads\/2024\/07\/Mesa-Friggitoria8-scaled.jpg 1707w, https:\/\/alohacomunicacion.es\/wp-content\/uploads\/2024\/07\/Mesa-Friggitoria8-200x300.jpg 200w, https:\/\/alohacomunicacion.es\/wp-content\/uploads\/2024\/07\/Mesa-Friggitoria8-683x1024.jpg 683w, https:\/\/alohacomunicacion.es\/wp-content\/uploads\/2024\/07\/Mesa-Friggitoria8-768x1152.jpg 768w, https:\/\/alohacomunicacion.es\/wp-content\/uploads\/2024\/07\/Mesa-Friggitoria8-1024x1536.jpg 1024w, https:\/\/alohacomunicacion.es\/wp-content\/uploads\/2024\/07\/Mesa-Friggitoria8-1365x2048.jpg 1365w, https:\/\/alohacomunicacion.es\/wp-content\/uploads\/2024\/07\/Mesa-Friggitoria8-8x12.jpg 8w\" sizes=\"(max-width: 1707px) 100vw, 1707px\" \/>\t\t\t\t\t\t\t\t\t\t\t\t\t\t\t<\/div>\n\t\t\t\t<\/div>\n\t\t\t\t<div class=\"elementor-element elementor-element-c33f450 elementor-absolute elementor-widget__width-auto elementor-widget elementor-widget-image\" data-id=\"c33f450\" data-element_type=\"widget\" data-settings=\"{&quot;_position&quot;:&quot;absolute&quot;,&quot;motion_fx_motion_fx_scrolling&quot;:&quot;yes&quot;,&quot;motion_fx_translateY_effect&quot;:&quot;yes&quot;,&quot;motion_fx_translateY_speed&quot;:{&quot;unit&quot;:&quot;px&quot;,&quot;size&quot;:10,&quot;sizes&quot;:[]},&quot;motion_fx_translateY_affectedRange&quot;:{&quot;unit&quot;:&quot;%&quot;,&quot;size&quot;:&quot;&quot;,&quot;sizes&quot;:{&quot;start&quot;:25,&quot;end&quot;:75}},&quot;motion_fx_devices&quot;:[&quot;desktop&quot;,&quot;tablet&quot;,&quot;mobile&quot;]}\" data-widget_type=\"image.default\">\n\t\t\t\t<div class=\"elementor-widget-container\">\n\t\t\t\t\t\t\t\t\t\t\t\t\t\t\t<img decoding=\"async\" width=\"372\" height=\"778\" src=\"https:\/\/alohacomunicacion.es\/wp-content\/uploads\/2022\/12\/aloha_doodle_pina.svg\" class=\"attachment-full size-full wp-image-1994\" alt=\"\" loading=\"lazy\" \/>\t\t\t\t\t\t\t\t\t\t\t\t\t\t\t<\/div>\n\t\t\t\t<\/div>\n\t\t\t\t\t<\/div>\n\t\t<\/div>\n\t\t\t\t\t\t\t<\/div>\n\t\t<\/section>\n\t\t\t\t\t\t\t<\/div>","protected":false},"excerpt":{"rendered":"<p>Agencia de comunicaci\u00f3n gastron\u00f3mica Aloha Comunicaci\u00f3n: Tu Agencia Especializada en Comunicaci\u00f3n Gastron\u00f3mica &amp; Lifestyle. En Aloha Comunicaci\u00f3n, somos expertos en comunicaci\u00f3n gastron\u00f3mica. Nuestro equipo est\u00e1 especializado en crear estrategias de marketing y comunicaci\u00f3n para restaurantes, chefs y empresas del sector alimentario. Ayudamos a restaurantes y marcas gastron\u00f3micas a mejorar su presencia online con estrategias de [&hellip;]<\/p>","protected":false},"author":1,"featured_media":0,"parent":0,"menu_order":0,"comment_status":"closed","ping_status":"closed","template":"","meta":[],"_links":{"self":[{"href":"https:\/\/alohacomunicacion.es\/en\/wp-json\/wp\/v2\/pages\/1017"}],"collection":[{"href":"https:\/\/alohacomunicacion.es\/en\/wp-json\/wp\/v2\/pages"}],"about":[{"href":"https:\/\/alohacomunicacion.es\/en\/wp-json\/wp\/v2\/types\/page"}],"author":[{"embeddable":true,"href":"https:\/\/alohacomunicacion.es\/en\/wp-json\/wp\/v2\/users\/1"}],"replies":[{"embeddable":true,"href":"https:\/\/alohacomunicacion.es\/en\/wp-json\/wp\/v2\/comments?post=1017"}],"version-history":[{"count":399,"href":"https:\/\/alohacomunicacion.es\/en\/wp-json\/wp\/v2\/pages\/1017\/revisions"}],"predecessor-version":[{"id":2798,"href":"https:\/\/alohacomunicacion.es\/en\/wp-json\/wp\/v2\/pages\/1017\/revisions\/2798"}],"wp:attachment":[{"href":"https:\/\/alohacomunicacion.es\/en\/wp-json\/wp\/v2\/media?parent=1017"}],"curies":[{"name":"wp","href":"https:\/\/api.w.org\/{rel}","templated":true}]}}