{"id":1351,"date":"2017-09-02T17:33:57","date_gmt":"2017-09-02T15:33:57","guid":{"rendered":"http:\/\/alohacomunicacion.es\/?page_id=1351"},"modified":"2024-11-13T14:34:37","modified_gmt":"2024-11-13T13:34:37","slug":"alohas","status":"publish","type":"page","link":"https:\/\/alohacomunicacion.es\/en\/alohas\/","title":{"rendered":"Alohas"},"content":{"rendered":"<div data-elementor-type=\"wp-page\" data-elementor-id=\"1351\" class=\"elementor elementor-1351\">\n\t\t\t\t\t\t\t\t\t<section class=\"elementor-section elementor-top-section elementor-element elementor-element-f7aa1d5 elementor-section-content-middle elementor-reverse-mobile elementor-section-boxed elementor-section-height-default elementor-section-height-default\" data-id=\"f7aa1d5\" data-element_type=\"section\">\n\t\t\t\t\t\t<div class=\"elementor-container elementor-column-gap-default\">\n\t\t\t\t\t<div class=\"elementor-column elementor-col-33 elementor-top-column elementor-element elementor-element-c2c6402\" data-id=\"c2c6402\" data-element_type=\"column\">\n\t\t\t<div class=\"elementor-widget-wrap\">\n\t\t\t\t\t\t\t\t\t<\/div>\n\t\t<\/div>\n\t\t\t\t<div class=\"elementor-column elementor-col-33 elementor-top-column elementor-element elementor-element-2f01f5e\" data-id=\"2f01f5e\" data-element_type=\"column\">\n\t\t\t<div class=\"elementor-widget-wrap elementor-element-populated\">\n\t\t\t\t\t\t\t\t<div class=\"elementor-element elementor-element-89cfa62 elementor-invisible elementor-widget elementor-widget-heading\" data-id=\"89cfa62\" data-element_type=\"widget\" data-settings=\"{&quot;_animation&quot;:&quot;fadeInUp&quot;}\" data-no-translation=\"\" data-widget_type=\"heading.default\">\n\t\t\t\t<div class=\"elementor-widget-container\">\n\t\t\t<style>\/*! elementor - v3.13.3 - 28-05-2023 *\/\n.elementor-heading-title{padding:0;margin:0;line-height:1}.elementor-widget-heading .elementor-heading-title[class*=elementor-size-]>a{color:inherit;font-size:inherit;line-height:inherit}.elementor-widget-heading .elementor-heading-title.elementor-size-small{font-size:15px}.elementor-widget-heading .elementor-heading-title.elementor-size-medium{font-size:19px}.elementor-widget-heading .elementor-heading-title.elementor-size-large{font-size:29px}.elementor-widget-heading .elementor-heading-title.elementor-size-xl{font-size:39px}.elementor-widget-heading .elementor-heading-title.elementor-size-xxl{font-size:59px}<\/style><style>.elementor-element-89cfa62{display:none !important}<\/style>\t\t<\/div>\n\t\t\t\t<\/div>\n\t\t\t\t<div class=\"elementor-element elementor-element-7c63331 elementor-invisible elementor-widget elementor-widget-heading\" data-id=\"7c63331\" data-element_type=\"widget\" data-settings=\"{&quot;_animation&quot;:&quot;fadeInUp&quot;}\" data-no-translation=\"\" data-widget_type=\"heading.default\">\n\t\t\t\t<div class=\"elementor-widget-container\">\n\t\t\t<style>.elementor-element-7c63331{display:none !important}<\/style>\t\t<\/div>\n\t\t\t\t<\/div>\n\t\t\t\t<div class=\"elementor-element elementor-element-270451a elementor-invisible elementor-widget elementor-widget-heading\" data-id=\"270451a\" data-element_type=\"widget\" data-settings=\"{&quot;_animation&quot;:&quot;fadeInUp&quot;}\" data-no-translation=\"\" data-widget_type=\"heading.default\">\n\t\t\t\t<div class=\"elementor-widget-container\">\n\t\t\t<h1 class=\"elementor-heading-title elementor-size-default\">Our team is comprised by professionals in the fashion, lifestyle, technology, interior design and cuilnary industry.\n<br><br>\nCreative and with a passion for branding and social media, we bring our skills together to shape your ideas.\n<br><br>\nWe are experts in listening, creating and communicating with the only aim of getting your company positioned in the Spanish market.<\/h1>\t\t<\/div>\n\t\t\t\t<\/div>\n\t\t\t\t<div class=\"elementor-element elementor-element-32264d1 elementor-invisible elementor-widget elementor-widget-heading\" data-id=\"32264d1\" data-element_type=\"widget\" data-settings=\"{&quot;_animation&quot;:&quot;fadeInUp&quot;}\" data-no-translation=\"\" data-widget_type=\"heading.default\">\n\t\t\t\t<div class=\"elementor-widget-container\">\n\t\t\t<h2 class=\"elementor-heading-title elementor-size-default\">Aloha is our lifestyle<\/h2>\t\t<\/div>\n\t\t\t\t<\/div>\n\t\t\t\t<div class=\"elementor-element elementor-element-f9f2e30 elementor-absolute elementor-widget__width-auto elementor-invisible elementor-widget elementor-widget-image\" data-id=\"f9f2e30\" data-element_type=\"widget\" data-settings=\"{&quot;_position&quot;:&quot;absolute&quot;,&quot;motion_fx_motion_fx_scrolling&quot;:&quot;yes&quot;,&quot;motion_fx_translateY_effect&quot;:&quot;yes&quot;,&quot;motion_fx_translateY_speed&quot;:{&quot;unit&quot;:&quot;px&quot;,&quot;size&quot;:10,&quot;sizes&quot;:[]},&quot;motion_fx_translateY_affectedRange&quot;:{&quot;unit&quot;:&quot;%&quot;,&quot;size&quot;:&quot;&quot;,&quot;sizes&quot;:{&quot;start&quot;:25,&quot;end&quot;:75}},&quot;_animation&quot;:&quot;fadeInUp&quot;,&quot;motion_fx_devices&quot;:[&quot;desktop&quot;,&quot;tablet&quot;,&quot;mobile&quot;]}\" data-widget_type=\"image.default\">\n\t\t\t\t<div class=\"elementor-widget-container\">\n\t\t\t<style>\/*! elementor - v3.13.3 - 28-05-2023 *\/\n.elementor-widget-image{text-align:center}.elementor-widget-image a{display:inline-block}.elementor-widget-image a img[src$=\".svg\"]{width:48px}.elementor-widget-image img{vertical-align:middle;display:inline-block}<\/style>\t\t\t\t\t\t\t\t\t\t\t\t<img decoding=\"async\" width=\"287\" height=\"273\" src=\"https:\/\/alohacomunicacion.es\/wp-content\/uploads\/2022\/12\/aloha_doodle_hola.svg\" class=\"attachment-full size-full wp-image-2269\" alt=\"\" loading=\"lazy\" \/>\t\t\t\t\t\t\t\t\t\t\t\t\t\t\t<\/div>\n\t\t\t\t<\/div>\n\t\t\t\t\t<\/div>\n\t\t<\/div>\n\t\t\t\t<div class=\"elementor-column elementor-col-33 elementor-top-column elementor-element elementor-element-a469bca\" data-id=\"a469bca\" data-element_type=\"column\">\n\t\t\t<div class=\"elementor-widget-wrap\">\n\t\t\t\t\t\t\t\t\t<\/div>\n\t\t<\/div>\n\t\t\t\t\t\t\t<\/div>\n\t\t<\/section>\n\t\t\t\t<section class=\"elementor-section elementor-top-section elementor-element elementor-element-2f8c7da elementor-section-boxed elementor-section-height-default elementor-section-height-default\" data-id=\"2f8c7da\" data-element_type=\"section\">\n\t\t\t\t\t\t<div class=\"elementor-container elementor-column-gap-default\">\n\t\t\t\t\t<div class=\"elementor-column elementor-col-33 elementor-top-column elementor-element elementor-element-3094e2b\" data-id=\"3094e2b\" data-element_type=\"column\">\n\t\t\t<div class=\"elementor-widget-wrap elementor-element-populated\">\n\t\t\t\t\t\t\t\t<div class=\"elementor-element elementor-element-fd5e0a1 elementor-widget elementor-widget-image\" data-id=\"fd5e0a1\" data-element_type=\"widget\" data-widget_type=\"image.default\">\n\t\t\t\t<div class=\"elementor-widget-container\">\n\t\t\t\t\t\t\t\t\t\t\t\t\t\t\t<img decoding=\"async\" width=\"800\" height=\"1000\" src=\"https:\/\/alohacomunicacion.es\/wp-content\/uploads\/2022\/12\/Equipo-Aloha-Comunicacion-agencia-gastronomica-en-Madrid_Belen-819x1024.jpg\" class=\"elementor-animation-grow-rotate attachment-large size-large wp-image-2803\" alt=\"\" loading=\"lazy\" srcset=\"https:\/\/alohacomunicacion.es\/wp-content\/uploads\/2022\/12\/Equipo-Aloha-Comunicacion-agencia-gastronomica-en-Madrid_Belen-819x1024.jpg 819w, https:\/\/alohacomunicacion.es\/wp-content\/uploads\/2022\/12\/Equipo-Aloha-Comunicacion-agencia-gastronomica-en-Madrid_Belen-240x300.jpg 240w, https:\/\/alohacomunicacion.es\/wp-content\/uploads\/2022\/12\/Equipo-Aloha-Comunicacion-agencia-gastronomica-en-Madrid_Belen-768x960.jpg 768w, https:\/\/alohacomunicacion.es\/wp-content\/uploads\/2022\/12\/Equipo-Aloha-Comunicacion-agencia-gastronomica-en-Madrid_Belen-1229x1536.jpg 1229w, https:\/\/alohacomunicacion.es\/wp-content\/uploads\/2022\/12\/Equipo-Aloha-Comunicacion-agencia-gastronomica-en-Madrid_Belen-1638x2048.jpg 1638w, https:\/\/alohacomunicacion.es\/wp-content\/uploads\/2022\/12\/Equipo-Aloha-Comunicacion-agencia-gastronomica-en-Madrid_Belen-10x12.jpg 10w, https:\/\/alohacomunicacion.es\/wp-content\/uploads\/2022\/12\/Equipo-Aloha-Comunicacion-agencia-gastronomica-en-Madrid_Belen-scaled.jpg 2048w\" sizes=\"(max-width: 800px) 100vw, 800px\" \/>\t\t\t\t\t\t\t\t\t\t\t\t\t\t\t<\/div>\n\t\t\t\t<\/div>\n\t\t\t\t\t<\/div>\n\t\t<\/div>\n\t\t\t\t<div class=\"elementor-column elementor-col-33 elementor-top-column elementor-element elementor-element-213ab3c\" data-id=\"213ab3c\" data-element_type=\"column\">\n\t\t\t<div class=\"elementor-widget-wrap elementor-element-populated\">\n\t\t\t\t\t\t\t\t<div class=\"elementor-element elementor-element-f436506 elementor-widget elementor-widget-image\" data-id=\"f436506\" data-element_type=\"widget\" data-widget_type=\"image.default\">\n\t\t\t\t<div class=\"elementor-widget-container\">\n\t\t\t\t\t\t\t\t\t\t\t\t\t\t\t<img decoding=\"async\" width=\"800\" height=\"1000\" src=\"https:\/\/alohacomunicacion.es\/wp-content\/uploads\/2024\/11\/Equipo-Aloha-Comunicacion-agencia-gastronomica-en-Madrid_Noelia_2-819x1024.jpg\" class=\"elementor-animation-grow-rotate attachment-large size-large wp-image-2826\" alt=\"\" loading=\"lazy\" srcset=\"https:\/\/alohacomunicacion.es\/wp-content\/uploads\/2024\/11\/Equipo-Aloha-Comunicacion-agencia-gastronomica-en-Madrid_Noelia_2-819x1024.jpg 819w, https:\/\/alohacomunicacion.es\/wp-content\/uploads\/2024\/11\/Equipo-Aloha-Comunicacion-agencia-gastronomica-en-Madrid_Noelia_2-240x300.jpg 240w, https:\/\/alohacomunicacion.es\/wp-content\/uploads\/2024\/11\/Equipo-Aloha-Comunicacion-agencia-gastronomica-en-Madrid_Noelia_2-768x960.jpg 768w, https:\/\/alohacomunicacion.es\/wp-content\/uploads\/2024\/11\/Equipo-Aloha-Comunicacion-agencia-gastronomica-en-Madrid_Noelia_2-10x12.jpg 10w, https:\/\/alohacomunicacion.es\/wp-content\/uploads\/2024\/11\/Equipo-Aloha-Comunicacion-agencia-gastronomica-en-Madrid_Noelia_2.jpg 1080w\" sizes=\"(max-width: 800px) 100vw, 800px\" \/>\t\t\t\t\t\t\t\t\t\t\t\t\t\t\t<\/div>\n\t\t\t\t<\/div>\n\t\t\t\t\t<\/div>\n\t\t<\/div>\n\t\t\t\t<div class=\"elementor-column elementor-col-33 elementor-top-column elementor-element elementor-element-95e4366\" data-id=\"95e4366\" data-element_type=\"column\">\n\t\t\t<div class=\"elementor-widget-wrap elementor-element-populated\">\n\t\t\t\t\t\t\t\t<div class=\"elementor-element elementor-element-0e1c0a6 elementor-widget elementor-widget-image\" data-id=\"0e1c0a6\" data-element_type=\"widget\" data-widget_type=\"image.default\">\n\t\t\t\t<div class=\"elementor-widget-container\">\n\t\t\t\t\t\t\t\t\t\t\t\t\t\t\t<img decoding=\"async\" width=\"800\" height=\"1000\" src=\"https:\/\/alohacomunicacion.es\/wp-content\/uploads\/2022\/12\/Equipo-Aloha-Comunicacion-agencia-gastronomica-en-Madrid_Alejandra-819x1024.jpg\" class=\"elementor-animation-grow-rotate attachment-large size-large wp-image-2802\" alt=\"\" loading=\"lazy\" srcset=\"https:\/\/alohacomunicacion.es\/wp-content\/uploads\/2022\/12\/Equipo-Aloha-Comunicacion-agencia-gastronomica-en-Madrid_Alejandra-819x1024.jpg 819w, https:\/\/alohacomunicacion.es\/wp-content\/uploads\/2022\/12\/Equipo-Aloha-Comunicacion-agencia-gastronomica-en-Madrid_Alejandra-240x300.jpg 240w, https:\/\/alohacomunicacion.es\/wp-content\/uploads\/2022\/12\/Equipo-Aloha-Comunicacion-agencia-gastronomica-en-Madrid_Alejandra-768x960.jpg 768w, https:\/\/alohacomunicacion.es\/wp-content\/uploads\/2022\/12\/Equipo-Aloha-Comunicacion-agencia-gastronomica-en-Madrid_Alejandra-1229x1536.jpg 1229w, https:\/\/alohacomunicacion.es\/wp-content\/uploads\/2022\/12\/Equipo-Aloha-Comunicacion-agencia-gastronomica-en-Madrid_Alejandra-1638x2048.jpg 1638w, https:\/\/alohacomunicacion.es\/wp-content\/uploads\/2022\/12\/Equipo-Aloha-Comunicacion-agencia-gastronomica-en-Madrid_Alejandra-10x12.jpg 10w, https:\/\/alohacomunicacion.es\/wp-content\/uploads\/2022\/12\/Equipo-Aloha-Comunicacion-agencia-gastronomica-en-Madrid_Alejandra-scaled.jpg 2048w\" sizes=\"(max-width: 800px) 100vw, 800px\" \/>\t\t\t\t\t\t\t\t\t\t\t\t\t\t\t<\/div>\n\t\t\t\t<\/div>\n\t\t\t\t\t<\/div>\n\t\t<\/div>\n\t\t\t\t\t\t\t<\/div>\n\t\t<\/section>\n\t\t\t\t\t\t\t<\/div>","protected":false},"excerpt":{"rendered":"<p>Nuestro equipo est\u00e1 formado por profesionales del sector de la gastronom\u00eda, lifestyle, tecnolog\u00eda, decoraci\u00f3n y moda. Creativas y con una gran pasi\u00f3n por el branding y las redes sociales, complementamos nuestras habilidades para dar forma a tus ideas. Expertas en escuchar, crear y comunicar con el \u00fanico objetivo de conseguir posicionar tu marca. Aloha es [&hellip;]<\/p>","protected":false},"author":1,"featured_media":0,"parent":0,"menu_order":0,"comment_status":"closed","ping_status":"closed","template":"","meta":[],"_links":{"self":[{"href":"https:\/\/alohacomunicacion.es\/en\/wp-json\/wp\/v2\/pages\/1351"}],"collection":[{"href":"https:\/\/alohacomunicacion.es\/en\/wp-json\/wp\/v2\/pages"}],"about":[{"href":"https:\/\/alohacomunicacion.es\/en\/wp-json\/wp\/v2\/types\/page"}],"author":[{"embeddable":true,"href":"https:\/\/alohacomunicacion.es\/en\/wp-json\/wp\/v2\/users\/1"}],"replies":[{"embeddable":true,"href":"https:\/\/alohacomunicacion.es\/en\/wp-json\/wp\/v2\/comments?post=1351"}],"version-history":[{"count":110,"href":"https:\/\/alohacomunicacion.es\/en\/wp-json\/wp\/v2\/pages\/1351\/revisions"}],"predecessor-version":[{"id":2829,"href":"https:\/\/alohacomunicacion.es\/en\/wp-json\/wp\/v2\/pages\/1351\/revisions\/2829"}],"wp:attachment":[{"href":"https:\/\/alohacomunicacion.es\/en\/wp-json\/wp\/v2\/media?parent=1351"}],"curies":[{"name":"wp","href":"https:\/\/api.w.org\/{rel}","templated":true}]}}